{"id":5511,"date":"2023-05-30T10:19:11","date_gmt":"2023-05-30T08:19:11","guid":{"rendered":"https:\/\/winefluencer.es\/politica-de-cookies\/"},"modified":"2023-05-30T10:19:11","modified_gmt":"2023-05-30T08:19:11","slug":"politica-de-cookies","status":"publish","type":"page","link":"https:\/\/winefluencer.es\/en\/politica-de-cookies\/","title":{"rendered":"Pol\u00edtica de Cookies"},"content":{"rendered":"\n<style type=\"text\/css\" data-created_by=\"avia_inline_auto\" id=\"style-css-av-58yszy-4e145a1722be931363845985c78f2499\">\n.avia-section.av-58yszy-4e145a1722be931363845985c78f2499 .av-parallax .av-parallax-inner{\nbackground-repeat:no-repeat;\nbackground-image:url(https:\/\/winefluencer.es\/wp-content\/uploads\/2023\/04\/cabecera-corchos-vino-1.jpg);\nbackground-position:50% 50%;\nbackground-attachment:scroll;\n}\n.avia-section.av-58yszy-4e145a1722be931363845985c78f2499 .av-section-color-overlay{\nopacity:0.2;\nbackground-color:#0a0a0a;\n}\n<\/style>\n<div id='av_section_1'  class='avia-section av-58yszy-4e145a1722be931363845985c78f2499 main_color avia-section-large avia-no-border-styling  avia-builder-el-0  el_before_av_section  avia-builder-el-first  cabecera overlay politicas avia-full-stretch av-parallax-section avia-bg-style-parallax av-section-color-overlay-active av-minimum-height av-minimum-height-40  container_wrap sidebar_right'  data-section-bg-repeat='stretch' data-av_minimum_height_pc='40'><div class='av-parallax' data-avia-parallax-ratio='0.3' ><div class='av-parallax-inner main_color avia-full-stretch'><\/div><\/div><div class=\"av-section-color-overlay-wrap\"><div class=\"av-section-color-overlay\"><\/div><div class='container av-section-cont-open' ><main  role=\"main\" itemprop=\"mainContentOfPage\"  class='template-page content  av-content-small alpha units'><div class='post-entry post-entry-type-page post-entry-5511'><div class='entry-content-wrapper clearfix'>\n\n<style type=\"text\/css\" data-created_by=\"avia_inline_auto\" id=\"style-css-av-lia0bzux-cf93c60d244fe205ad0c3ce64261abdd\">\n#top .av-special-heading.av-lia0bzux-cf93c60d244fe205ad0c3ce64261abdd{\npadding-bottom:10px;\ncolor:#ffffff;\n}\nbody .av-special-heading.av-lia0bzux-cf93c60d244fe205ad0c3ce64261abdd .av-special-heading-tag .heading-char{\nfont-size:25px;\n}\n.av-special-heading.av-lia0bzux-cf93c60d244fe205ad0c3ce64261abdd .special-heading-inner-border{\nborder-color:#ffffff;\n}\n.av-special-heading.av-lia0bzux-cf93c60d244fe205ad0c3ce64261abdd .av-subheading{\nfont-size:15px;\n}\n<\/style>\n<div  class='av-special-heading av-lia0bzux-cf93c60d244fe205ad0c3ce64261abdd av-special-heading-h1 custom-color-heading blockquote modern-quote  avia-builder-el-1  avia-builder-el-no-sibling '><h1 class='av-special-heading-tag'  itemprop=\"headline\"  >Pol\u00edtica de Cookies<\/h1><div class=\"special-heading-border\"><div class=\"special-heading-inner-border\"><\/div><\/div><\/div>\n\n<\/div><\/div><\/main><!-- close content main element --><\/div><\/div><\/div>\n<style type=\"text\/css\" data-created_by=\"avia_inline_auto\" id=\"style-css-av-4pki3y-e267d1d6377cf9bae1138c1e98a59be8\">\n.avia-section.av-4pki3y-e267d1d6377cf9bae1138c1e98a59be8{\nbackground-color:#f4f4f4;\nbackground-image:unset;\n}\n<\/style>\n<div id='av_section_2'  class='avia-section av-4pki3y-e267d1d6377cf9bae1138c1e98a59be8 main_color avia-section-large avia-no-border-styling  avia-builder-el-2  el_after_av_section  avia-builder-el-last  avia-bg-style-scroll container_wrap sidebar_right'  ><div class='container av-section-cont-open' ><div class='template-page content  av-content-small alpha units'><div class='post-entry post-entry-type-page post-entry-5511'><div class='entry-content-wrapper clearfix'>\n<section  class='av_textblock_section av-lia0bu07-8260170825be6208e84a0af2420d03df'  itemscope=\"itemscope\" itemtype=\"https:\/\/schema.org\/CreativeWork\" ><div class='avia_textblock'  itemprop=\"text\" ><p>\u00bfPor qu\u00e9 debemos informar sobre las cookies?<\/p>\n<p>Dentro de la LSSICE, hay un apartado dedicado a las cookies que exige, a quienes tenemos una web que descargue en tu navegador cookies de terceros, informar al usuario sobre el tipo de cookies, la duraci\u00f3n y la finalidad de cada una de ellas.<\/p>\n<p>Esta web utiliza cookies propias y de terceros para conseguir que tengas una mejor experiencia de navegaci\u00f3n y poder obtener estad\u00edsticas y h\u00e1bitos de navegaci\u00f3n de los usuarios.<\/p>\n<p>El Usuario, puede rechazar el tratamiento de los datos o la informaci\u00f3n, bloqueando estas cookies mediante la configuraci\u00f3n de su navegador. Si decidiera bloquearlas, es posible que esta web deje de funcionar de forma correcta.<\/p>\n<p>Seg\u00fan el art\u00edculo 22.2 de la LSSICE: \u201c<em>Los prestadores de servicios podr\u00e1n utilizar dispositivos de almacenamiento y recuperaci\u00f3n de datos en equipos terminales de los destinatarios, a condici\u00f3n de que los mismos hayan dado su consentimiento despu\u00e9s de que se les haya facilitado informaci\u00f3n clara y completa sobre su utilizaci\u00f3n, en particular, sobre los fines del tratamiento de los datos, con arreglo a lo dispuesto en la Ley Org\u00e1nica 15\/1999, de 13 de diciembre, de protecci\u00f3n de datos de car\u00e1cter personal.<\/em><\/p>\n<p><em>Cuando sea t\u00e9cnicamente posible y eficaz, el consentimiento del destinatario para aceptar el tratamiento de los datos podr\u00e1 facilitarse mediante el uso de los par\u00e1metros adecuados del navegador o de otras aplicaciones.<\/em><\/p>\n<p><em>Lo anterior no impedir\u00e1 el posible almacenamiento o acceso de \u00edndole t\u00e9cnica al solo fin de efectuar la transmisi\u00f3n de una comunicaci\u00f3n por una red de comunicaciones electr\u00f3nicas o, en la medida que resulte estrictamente necesario, para la prestaci\u00f3n de un servicio de la sociedad de la informaci\u00f3n expresamente solicitado por el destinatario<\/em>.\u201d.<\/p>\n<p>\u00bfQu\u00e9 es una cookie?<\/p>\n<p>Una cookie es un fichero que se descarga en tu ordenador al acceder a determinadas p\u00e1ginas web o blogs.<\/p>\n<p>Las cookies permiten a esa p\u00e1gina, entre otras cosas, almacenar y recuperar informaci\u00f3n sobre los h\u00e1bitos de navegaci\u00f3n o del equipo del Usuario, \u00a0y dependiendo de la informaci\u00f3n que contengan y de la forma en que se utilice el equipo, pueden utilizarse para reconocer al Usuario.<\/p>\n<p>Teniendo en cuenta la forma en la que funciona Internet y los sitios web, no siempre es posible contar con informaci\u00f3n de las cookies que colocan terceras partes a trav\u00e9s de nuestra web. Esto se aplica especialmente a casos en los que nuestra web contiene lo que se denominan \u201celementos integrados\u201d, esto es, textos, documentos, im\u00e1genes o breves pel\u00edculas que se almacenan en otra parte, pero que se muestran en esta web.<\/p>\n<p>Adem\u00e1s de los derivados de \u201c<em>plugins<\/em>\u201d de an\u00e1lisis que utiliza WineFluencer\u00e2.<\/p>\n<p>El Usuario puede ponerse en contacto directamente con el tercero para pedirle informaci\u00f3n sobre esas cookies que coloca, su finalidad y su duraci\u00f3n, y c\u00f3mo ha garantizado su privacidad.<\/p>\n<p>\u00bfQu\u00e9 informaci\u00f3n almacena una cookie?<\/p>\n<p>Las cookies no suelen almacenar informaci\u00f3n sensible sobre el Usuario, como tarjetas de cr\u00e9dito o datos bancarios, fotograf\u00edas o informaci\u00f3n personal, etc. Los datos que guardan son de car\u00e1cter t\u00e9cnico, estad\u00edsticos, preferencias personales, personalizaci\u00f3n de contenidos, etc.<\/p>\n<p>El servidor web no te asocia a ti como persona, sino a tu navegador web.<\/p>\n<p>\u00bfQu\u00e9 tipo de cookies existen?<\/p>\n<ul>\n<li>Cookies t\u00e9cnicas: Son las m\u00e1s elementales y permiten, entre otras cosas, saber cu\u00e1ndo est\u00e1 navegando un humano o una aplicaci\u00f3n automatizada, cu\u00e1ndo navega un usuario an\u00f3nimo y uno registrado, tareas b\u00e1sicas para el funcionamiento de cualquier web din\u00e1mica.<\/li>\n<\/ul>\n<ul>\n<li>Cookies de an\u00e1lisis: Recogen informaci\u00f3n sobre el tipo de navegaci\u00f3n que est\u00e9s realizando, las secciones que m\u00e1s utilizas, productos que consultas, franja horaria de uso, idioma, etc.<\/li>\n<\/ul>\n<ul>\n<li>Cookies publicitarias: Muestran publicidad en funci\u00f3n de tu navegaci\u00f3n, tu pa\u00eds de procedencia, idioma, etc.<\/li>\n<\/ul>\n<p>\u00bfQu\u00e9 son las cookies propias y las de terceros?<\/p>\n<p>Las cookies propias son las generadas por la p\u00e1gina que est\u00e1 visitando (en este caso, <em>winefluencer.es<\/em>) y las de terceros son las generadas por servicios o proveedores externos como Google, Facebook, etc.<\/p>\n<p>Cookies propias que utilizamos<\/p>\n<p>Las cookies propias que utilizamos en WineFluencer y que son las generadas por WordPress (de <em>WordPress.org<\/em>, el gestor de contenidos en el que est\u00e1 creado esta web) para que todo funcione correctamente son:<\/p>\n<ul>\n<li>Personalizaci\u00f3n: Estas cookies ayudan a recordar con qu\u00e9 personas o sitios web ha interactuado el Usuario, para que pueda mostrarle contenido relacionado.<\/li>\n<\/ul>\n<ul>\n<li>Preferencias: Estas cookies permiten a <em>WineFluencer<\/em><em>.es <\/em>recordar los ajustes y preferencias del Usuario, as\u00ed como el idioma preferido y la configuraci\u00f3n de privacidad que haya seleccionado.<\/li>\n<\/ul>\n<p>Cookies de terceros que utilizamos<\/p>\n<p>Esta web incluye funcionalidades proporcionadas por terceros.\u00a0En ning\u00fan caso se van a utilizar cookies que comprometan la privacidad del Usuario.\u00a0Entre las cookies de terceros m\u00e1s estables que se podr\u00edan instalar navegando por <em>winefluencer.es <\/em>est\u00e1n:<\/p>\n<ul>\n<li>Las generadas por servicios de an\u00e1lisis:\u00a0Son utilizadas para analizar el uso que hacen los usuarios de la web y mejorar su usabilidad, pero en ning\u00fan caso se asocian a datos que pudieran llegar a identificar al usuario:\n<ul>\n<li><a href=\"https:\/\/es.semrush.com\/company\/legal\/privacy-policy\/\">SEMrush.com<\/a><\/li>\n<li><a href=\"https:\/\/policies.google.com\/privacy?hl=es\">Google Trends<\/a><\/li>\n<li><a href=\"https:\/\/es.wordpress.org\/about\/privacy\/\">Yoast Seo<\/a><\/li>\n<li><a href=\"https:\/\/policies.google.com\/privacy?hl=es\">Google Analytics<\/a><\/li>\n<li><a href=\"https:\/\/www.google.com\/intl\/es_es\/help\/terms_maps.html\">Google Maps<\/a><\/li>\n<li><a href=\"https:\/\/policies.google.com\/privacy?hl=es&amp;gl=es\">Google Adwords<\/a><\/li>\n<li><a href=\"https:\/\/www.spotify.com\/es\/legal\/privacy-policy\/\">Spotify<\/a><\/li>\n<\/ul>\n<\/li>\n<\/ul>\n<ul>\n<li>Cookies de redes sociales:\u00a0Las cookies de redes sociales pueden almacenarse en el navegador del Usuario mientras navega por la web. Las empresas que generan estas cookies correspondientes a las redes sociales que utiliza este blog tienen sus propias pol\u00edticas de cookies:\n<ul>\n<li>Cookie de LinkedIn, seg\u00fan lo dispuesto en su\u00a0<a href=\"https:\/\/www.linkedin.com\/legal\/cookie-policy?trk=hp-cookies\">Pol\u00edtica de cookies<\/a><\/li>\n<li>Cookie de Facebook, seg\u00fan lo dispuesto en su\u00a0<a href=\"https:\/\/www.facebook.com\/privacy\/explanation\">Pol\u00edtica de cookies<\/a><\/li>\n<li>Cookie de Instagram, seg\u00fan lo dispuesto en su\u00a0<a href=\"https:\/\/www.instagram.com\/legal\/cookies\/\">Pol\u00edtica de cookies<\/a><\/li>\n<\/ul>\n<\/li>\n<\/ul>\n<p>Las implicaciones de privacidad ser\u00e1n en funci\u00f3n de cada red social y depender\u00e1 de la configuraci\u00f3n de privacidad que haya en esa red. En ning\u00fan caso, WineFluencer\u00e2, como el responsable de este blog, ni su equipo, puede obtener informaci\u00f3n personal identificable de estas cookies.<\/p>\n<p>C\u00f3mo gestionar y desactivar estas cookies<\/p>\n<p>En el caso de que el Usuario no desee que los sitios web ni blogs pongan ninguna cookie en su equipo, puede adaptar la configuraci\u00f3n del navegador de modo que se le notifique antes de que se descargue ninguna.<\/p>\n<p>Tambi\u00e9n puede adaptar la configuraci\u00f3n de forma que el navegador rechace todas las cookies, o \u00fanicamente las cookies de terceros. Asimismo, tambi\u00e9n puede eliminar cualquiera de las cookies que ya se encuentren en su equipo.<\/p>\n<p>El Usuario debe tener en cuenta que tendr\u00e1 que adaptar por separado la configuraci\u00f3n de cada navegador y equipo que utilice. Si el Usuario quiere saber c\u00f3mo configurar la instalaci\u00f3n de cookies, aqu\u00ed le dejamos estos enlaces con las gu\u00edas que facilitan los navegadores m\u00e1s usados:<\/p>\n<ul>\n<li><a href=\"http:\/\/support.google.com\/chrome\/bin\/answer.py?hl=es-419&amp;answer=95647\">Google Chrome<\/a><\/li>\n<li><a href=\"http:\/\/windows.microsoft.com\/es-xl\/internet-explorer\/delete-manage-cookies#ie=ie-10\">Internet Explorer<\/a><\/li>\n<li><a href=\"http:\/\/support.mozilla.org\/es\/kb\/habilitar-y-deshabilitar-cookies-que-los-sitios-we\">Mozilla Firefox<\/a><\/li>\n<li><a href=\"http:\/\/support.apple.com\/kb\/HT1677?viewlocale=es_ES%20%97%20http:\/\/support.apple.com\/kb\/ph5042\">Apple Safari<\/a><\/li>\n<\/ul>\n<\/div><\/section>\n\n<style type=\"text\/css\" data-created_by=\"avia_inline_auto\" id=\"style-css-av-2hzpe6-156222ccee108ae41e47872408ce10e5\">\n#top .hr.hr-invisible.av-2hzpe6-156222ccee108ae41e47872408ce10e5{\nheight:100px;\n}\n<\/style>\n<div  class='hr av-2hzpe6-156222ccee108ae41e47872408ce10e5 hr-invisible  avia-builder-el-4  el_after_av_textblock  avia-builder-el-last '><span class='hr-inner '><span class=\"hr-inner-style\"><\/span><\/span><\/div>\n<\/div><\/div><\/div><!-- close content main div --><\/div><\/div><div id='after_section_2'  class='main_color av_default_container_wrap container_wrap sidebar_right'  ><div class='container av-section-cont-open' ><div class='template-page content  av-content-small alpha units'><div class='post-entry post-entry-type-page post-entry-5511'><div class='entry-content-wrapper clearfix'>\n","protected":false},"excerpt":{"rendered":"","protected":false},"author":1,"featured_media":0,"parent":0,"menu_order":0,"comment_status":"closed","ping_status":"closed","template":"","meta":{"_acf_changed":false,"footnotes":""},"class_list":["post-5511","page","type-page","status-publish","hentry"],"acf":[],"yoast_head":"<!-- This site is optimized with the Yoast SEO plugin v27.3 - https:\/\/yoast.com\/product\/yoast-seo-wordpress\/ -->\n<title>Pol\u00edtica de Cookies | Winefluencer<\/title>\n<meta name=\"robots\" content=\"index, follow, max-snippet:-1, max-image-preview:large, max-video-preview:-1\" \/>\n<link rel=\"canonical\" href=\"https:\/\/winefluencer.es\/en\/politica-de-cookies\/\" \/>\n<meta property=\"og:locale\" content=\"en_US\" \/>\n<meta property=\"og:type\" content=\"article\" \/>\n<meta property=\"og:title\" content=\"Pol\u00edtica de Cookies | Winefluencer\" \/>\n<meta property=\"og:url\" content=\"https:\/\/winefluencer.es\/en\/politica-de-cookies\/\" \/>\n<meta property=\"og:site_name\" content=\"Winefluencer\" \/>\n<meta property=\"og:image\" content=\"https:\/\/winefluencer.es\/wp-content\/uploads\/2023\/05\/enoturismo-winefluencer-cab3.jpg\" \/>\n\t<meta property=\"og:image:width\" content=\"1920\" \/>\n\t<meta property=\"og:image:height\" content=\"1064\" \/>\n\t<meta property=\"og:image:type\" content=\"image\/jpeg\" \/>\n<script type=\"application\/ld+json\" class=\"yoast-schema-graph\">{\"@context\":\"https:\\\/\\\/schema.org\",\"@graph\":[{\"@type\":\"WebPage\",\"@id\":\"https:\\\/\\\/winefluencer.es\\\/en\\\/politica-de-cookies\\\/\",\"url\":\"https:\\\/\\\/winefluencer.es\\\/en\\\/politica-de-cookies\\\/\",\"name\":\"Pol\u00edtica de Cookies | Winefluencer\",\"isPartOf\":{\"@id\":\"https:\\\/\\\/winefluencer.es\\\/en\\\/#website\"},\"datePublished\":\"2023-05-30T08:19:11+00:00\",\"breadcrumb\":{\"@id\":\"https:\\\/\\\/winefluencer.es\\\/en\\\/politica-de-cookies\\\/#breadcrumb\"},\"inLanguage\":\"en-US\",\"potentialAction\":[{\"@type\":\"ReadAction\",\"target\":[\"https:\\\/\\\/winefluencer.es\\\/en\\\/politica-de-cookies\\\/\"]}]},{\"@type\":\"BreadcrumbList\",\"@id\":\"https:\\\/\\\/winefluencer.es\\\/en\\\/politica-de-cookies\\\/#breadcrumb\",\"itemListElement\":[{\"@type\":\"ListItem\",\"position\":1,\"name\":\"Portada\",\"item\":\"https:\\\/\\\/winefluencer.es\\\/en\\\/home\\\/\"},{\"@type\":\"ListItem\",\"position\":2,\"name\":\"Pol\u00edtica de Cookies\"}]},{\"@type\":\"WebSite\",\"@id\":\"https:\\\/\\\/winefluencer.es\\\/en\\\/#website\",\"url\":\"https:\\\/\\\/winefluencer.es\\\/en\\\/\",\"name\":\"WineFluencer\",\"description\":\"My wines and me, me and my wines\",\"publisher\":{\"@id\":\"https:\\\/\\\/winefluencer.es\\\/en\\\/#organization\"},\"potentialAction\":[{\"@type\":\"SearchAction\",\"target\":{\"@type\":\"EntryPoint\",\"urlTemplate\":\"https:\\\/\\\/winefluencer.es\\\/en\\\/?s={search_term_string}\"},\"query-input\":{\"@type\":\"PropertyValueSpecification\",\"valueRequired\":true,\"valueName\":\"search_term_string\"}}],\"inLanguage\":\"en-US\"},{\"@type\":\"Organization\",\"@id\":\"https:\\\/\\\/winefluencer.es\\\/en\\\/#organization\",\"name\":\"WineFluencer\",\"url\":\"https:\\\/\\\/winefluencer.es\\\/en\\\/\",\"logo\":{\"@type\":\"ImageObject\",\"inLanguage\":\"en-US\",\"@id\":\"https:\\\/\\\/winefluencer.es\\\/en\\\/#\\\/schema\\\/logo\\\/image\\\/\",\"url\":\"https:\\\/\\\/winefluencer.es\\\/wp-content\\\/uploads\\\/2023\\\/05\\\/logo-winefluencer-v2.png\",\"contentUrl\":\"https:\\\/\\\/winefluencer.es\\\/wp-content\\\/uploads\\\/2023\\\/05\\\/logo-winefluencer-v2.png\",\"width\":149,\"height\":183,\"caption\":\"WineFluencer\"},\"image\":{\"@id\":\"https:\\\/\\\/winefluencer.es\\\/en\\\/#\\\/schema\\\/logo\\\/image\\\/\"},\"sameAs\":[\"https:\\\/\\\/www.instagram.com\\\/winefluencer\\\/\"]}]}<\/script>\n<!-- \/ Yoast SEO plugin. -->","yoast_head_json":{"title":"Pol\u00edtica de Cookies | Winefluencer","robots":{"index":"index","follow":"follow","max-snippet":"max-snippet:-1","max-image-preview":"max-image-preview:large","max-video-preview":"max-video-preview:-1"},"canonical":"https:\/\/winefluencer.es\/en\/politica-de-cookies\/","og_locale":"en_US","og_type":"article","og_title":"Pol\u00edtica de Cookies | Winefluencer","og_url":"https:\/\/winefluencer.es\/en\/politica-de-cookies\/","og_site_name":"Winefluencer","og_image":[{"width":1920,"height":1064,"url":"https:\/\/winefluencer.es\/wp-content\/uploads\/2023\/05\/enoturismo-winefluencer-cab3.jpg","type":"image\/jpeg"}],"schema":{"@context":"https:\/\/schema.org","@graph":[{"@type":"WebPage","@id":"https:\/\/winefluencer.es\/en\/politica-de-cookies\/","url":"https:\/\/winefluencer.es\/en\/politica-de-cookies\/","name":"Pol\u00edtica de Cookies | Winefluencer","isPartOf":{"@id":"https:\/\/winefluencer.es\/en\/#website"},"datePublished":"2023-05-30T08:19:11+00:00","breadcrumb":{"@id":"https:\/\/winefluencer.es\/en\/politica-de-cookies\/#breadcrumb"},"inLanguage":"en-US","potentialAction":[{"@type":"ReadAction","target":["https:\/\/winefluencer.es\/en\/politica-de-cookies\/"]}]},{"@type":"BreadcrumbList","@id":"https:\/\/winefluencer.es\/en\/politica-de-cookies\/#breadcrumb","itemListElement":[{"@type":"ListItem","position":1,"name":"Portada","item":"https:\/\/winefluencer.es\/en\/home\/"},{"@type":"ListItem","position":2,"name":"Pol\u00edtica de Cookies"}]},{"@type":"WebSite","@id":"https:\/\/winefluencer.es\/en\/#website","url":"https:\/\/winefluencer.es\/en\/","name":"WineFluencer","description":"My wines and me, me and my wines","publisher":{"@id":"https:\/\/winefluencer.es\/en\/#organization"},"potentialAction":[{"@type":"SearchAction","target":{"@type":"EntryPoint","urlTemplate":"https:\/\/winefluencer.es\/en\/?s={search_term_string}"},"query-input":{"@type":"PropertyValueSpecification","valueRequired":true,"valueName":"search_term_string"}}],"inLanguage":"en-US"},{"@type":"Organization","@id":"https:\/\/winefluencer.es\/en\/#organization","name":"WineFluencer","url":"https:\/\/winefluencer.es\/en\/","logo":{"@type":"ImageObject","inLanguage":"en-US","@id":"https:\/\/winefluencer.es\/en\/#\/schema\/logo\/image\/","url":"https:\/\/winefluencer.es\/wp-content\/uploads\/2023\/05\/logo-winefluencer-v2.png","contentUrl":"https:\/\/winefluencer.es\/wp-content\/uploads\/2023\/05\/logo-winefluencer-v2.png","width":149,"height":183,"caption":"WineFluencer"},"image":{"@id":"https:\/\/winefluencer.es\/en\/#\/schema\/logo\/image\/"},"sameAs":["https:\/\/www.instagram.com\/winefluencer\/"]}]}},"_links":{"self":[{"href":"https:\/\/winefluencer.es\/en\/wp-json\/wp\/v2\/pages\/5511","targetHints":{"allow":["GET"]}}],"collection":[{"href":"https:\/\/winefluencer.es\/en\/wp-json\/wp\/v2\/pages"}],"about":[{"href":"https:\/\/winefluencer.es\/en\/wp-json\/wp\/v2\/types\/page"}],"author":[{"embeddable":true,"href":"https:\/\/winefluencer.es\/en\/wp-json\/wp\/v2\/users\/1"}],"replies":[{"embeddable":true,"href":"https:\/\/winefluencer.es\/en\/wp-json\/wp\/v2\/comments?post=5511"}],"version-history":[{"count":1,"href":"https:\/\/winefluencer.es\/en\/wp-json\/wp\/v2\/pages\/5511\/revisions"}],"predecessor-version":[{"id":5513,"href":"https:\/\/winefluencer.es\/en\/wp-json\/wp\/v2\/pages\/5511\/revisions\/5513"}],"wp:attachment":[{"href":"https:\/\/winefluencer.es\/en\/wp-json\/wp\/v2\/media?parent=5511"}],"curies":[{"name":"wp","href":"https:\/\/api.w.org\/{rel}","templated":true}]}}