{"id":5503,"date":"2023-05-30T10:18:13","date_gmt":"2023-05-30T08:18:13","guid":{"rendered":"https:\/\/winefluencer.es\/aviso-legal\/"},"modified":"2023-05-30T10:18:13","modified_gmt":"2023-05-30T08:18:13","slug":"aviso-legal","status":"publish","type":"page","link":"https:\/\/winefluencer.es\/en\/aviso-legal\/","title":{"rendered":"Aviso Legal"},"content":{"rendered":"\n<style type=\"text\/css\" data-created_by=\"avia_inline_auto\" id=\"style-css-av-j5rjv-ae2a8f34f2c3e99e280514e59bada735\">\n.avia-section.av-j5rjv-ae2a8f34f2c3e99e280514e59bada735 .av-parallax .av-parallax-inner{\nbackground-repeat:no-repeat;\nbackground-image:url(https:\/\/winefluencer.es\/wp-content\/uploads\/2023\/04\/cabecera-corchos-vino-1.jpg);\nbackground-position:50% 50%;\nbackground-attachment:scroll;\n}\n.avia-section.av-j5rjv-ae2a8f34f2c3e99e280514e59bada735 .av-section-color-overlay{\nopacity:0.2;\nbackground-color:#0a0a0a;\n}\n<\/style>\n<div id='av_section_1'  class='avia-section av-j5rjv-ae2a8f34f2c3e99e280514e59bada735 main_color avia-section-large avia-no-border-styling  avia-builder-el-0  el_before_av_section  avia-builder-el-first  cabecera overlay politicas avia-full-stretch av-parallax-section avia-bg-style-parallax av-section-color-overlay-active av-minimum-height av-minimum-height-40  container_wrap sidebar_right'  data-section-bg-repeat='stretch' data-av_minimum_height_pc='40'><div class='av-parallax' data-avia-parallax-ratio='0.3' ><div class='av-parallax-inner main_color avia-full-stretch'><\/div><\/div><div class=\"av-section-color-overlay-wrap\"><div class=\"av-section-color-overlay\"><\/div><div class='container av-section-cont-open' ><main  role=\"main\" itemprop=\"mainContentOfPage\"  class='template-page content  av-content-small alpha units'><div class='post-entry post-entry-type-page post-entry-5503'><div class='entry-content-wrapper clearfix'>\n\n<style type=\"text\/css\" data-created_by=\"avia_inline_auto\" id=\"style-css-av-lia09zo9-30e734e6645f4cf56dc59d115e395ddc\">\n#top .av-special-heading.av-lia09zo9-30e734e6645f4cf56dc59d115e395ddc{\npadding-bottom:10px;\ncolor:#ffffff;\n}\nbody .av-special-heading.av-lia09zo9-30e734e6645f4cf56dc59d115e395ddc .av-special-heading-tag .heading-char{\nfont-size:25px;\n}\n.av-special-heading.av-lia09zo9-30e734e6645f4cf56dc59d115e395ddc .special-heading-inner-border{\nborder-color:#ffffff;\n}\n.av-special-heading.av-lia09zo9-30e734e6645f4cf56dc59d115e395ddc .av-subheading{\nfont-size:15px;\n}\n<\/style>\n<div  class='av-special-heading av-lia09zo9-30e734e6645f4cf56dc59d115e395ddc av-special-heading-h1 custom-color-heading blockquote modern-quote  avia-builder-el-1  avia-builder-el-no-sibling '><h1 class='av-special-heading-tag'  itemprop=\"headline\"  >Aviso Legal<\/h1><div class=\"special-heading-border\"><div class=\"special-heading-inner-border\"><\/div><\/div><\/div>\n\n<\/div><\/div><\/main><!-- close content main element --><\/div><\/div><\/div>\n<style type=\"text\/css\" data-created_by=\"avia_inline_auto\" id=\"style-css-av-4xncsb-60eb2a35fd4286d644634d3c26664394\">\n.avia-section.av-4xncsb-60eb2a35fd4286d644634d3c26664394{\nbackground-color:#f4f4f4;\nbackground-image:unset;\n}\n<\/style>\n<div id='av_section_2'  class='avia-section av-4xncsb-60eb2a35fd4286d644634d3c26664394 main_color avia-section-large avia-no-border-styling  avia-builder-el-2  el_after_av_section  avia-builder-el-last  avia-bg-style-scroll container_wrap sidebar_right'  ><div class='container av-section-cont-open' ><div class='template-page content  av-content-small alpha units'><div class='post-entry post-entry-type-page post-entry-5503'><div class='entry-content-wrapper clearfix'>\n<section  class='av_textblock_section av-lia0apc3-f421dc4e04f2e35e973a0ebca3a32593'  itemscope=\"itemscope\" itemtype=\"https:\/\/schema.org\/CreativeWork\" ><div class='avia_textblock'  itemprop=\"text\" ><p>Para una total transparencia respecto a la identidad del responsable de esta web, estos son los datos:<\/p>\n<ul>\n<li>Nombre comercial: WineFluencer.<\/li>\n<li>NIF: 03922555-C.<\/li>\n<li>Domicilio social: Calle Crespas, n\u00ba 7, en Consuegra, 45700 (Toledo)<\/li>\n<li>Actividad: Informaci\u00f3n y formaci\u00f3n sobre la industria vitivin\u00edcola.<\/li>\n<li>Correo electr\u00f3nico:\u00a0<a href=\"winefluencer@gmail.com\">winefluencer@gmail.com<\/a><\/li>\n<\/ul>\n<p>La finalidad de esta web:<\/p>\n<p>El objetivo de la web de WineFluencer consiste en proporcionar al cliente informaci\u00f3n relativa al sector vitivin\u00edcola de Espa\u00f1a y facilitar una v\u00eda de contacto con nosotros para una mayor informaci\u00f3n sobre nuestros servicios. Concretamente, estos son los servicios que WineFluencer ofrece:<\/p>\n<ul>\n<li>Informaci\u00f3n sobre vinos, d\u00f3nde consumirlos y\/o comprarlos.<\/li>\n<li>Informaci\u00f3n sobre enoturismo en Espa\u00f1a y eventos relacionados.<\/li>\n<li>Formaciones a empresas, instituciones educativas y particulares.<\/li>\n<li>Organizaci\u00f3n y planificaci\u00f3n de viajes de enoturismo y eventos.<\/li>\n<li>Comunicaci\u00f3n y estrategia para empresas vitivin\u00edcolas.<\/li>\n<\/ul>\n<p>Datos personales que recabamos y c\u00f3mo lo hacemos<\/p>\n<p>Sobre este particular, puede consultar nuestra <a href=\"https:\/\/winefluencer.es\/politica-de-privacidad\/\"><u>Pol\u00edtica de Privacidad<\/u><\/a>.<\/p>\n<p>\u00bfCu\u00e1les son las obligaciones como Usuario?<\/p>\n<ul>\n<li>La aceptaci\u00f3n de que el acceso a esta web no supone, en modo alguno, el inicio de una relaci\u00f3n comercial con WineFluencer. As\u00ed, el cliente debe utilizar esta web, sus servicios y contenidos cumpliendo la legislaci\u00f3n vigente, la buena fe y el orden p\u00fablico.<\/li>\n<\/ul>\n<ul>\n<li>Queda prohibido el uso de la web con fines il\u00edcitos, da\u00f1inos o que puedan causar cualquier tipo de problema o perjuicio o impedir el normal funcionamiento de la web.<\/li>\n<\/ul>\n<ul>\n<li>No llevar a cabo ninguna conducta que pudiera da\u00f1ar la imagen, los intereses y los derechos de WineFluencer o de terceros. O que pueda da\u00f1ar, inutilizar o sobrecargar <em>es<\/em> impidiendo de cualquier forma que se pueda utilizar la web de forma normal.<\/li>\n<\/ul>\n<ul>\n<li>Respecto de los contenidos de esta web, se proh\u00edbe:<\/li>\n<li>Su reproducci\u00f3n, distribuci\u00f3n o modificaci\u00f3n, total o parcial, a menos que se cuente con la autorizaci\u00f3n expresa de WineFluencer.<\/li>\n<li>Cualquier vulneraci\u00f3n de los derechos de autor de WineFluencer.<\/li>\n<li>Su utilizaci\u00f3n para fines comerciales o publicitarios.<\/li>\n<\/ul>\n<p>Medidas de seguridad<\/p>\n<p>Los datos personales que se puedan comunicar a WineFluencer como Usuario de winefluencer.es pueden ser almacenados en bases de datos, cuya titularidad corresponde exclusivamente a WineFluencer, asumiendo todas las medidas t\u00e9cnicas, organizativas y de seguridad que garantizan la confidencialidad, integridad y calidad de la informaci\u00f3n contenida en las mismas, de acuerdo con lo establecido en la normativa vigente sobre protecci\u00f3n de datos.<\/p>\n<p>Se podr\u00e1 comprobar que la comunicaci\u00f3n entre el Usuario e <em>winefluencer.es<\/em> utiliza un canal seguro. Los datos transmitidos son cifrados gracias al protocolo HTTPS, garantizando las mejores condiciones de seguridad para la confidencialidad de los usuarios.<\/p>\n<p>En <em>winefluencer.es<\/em> adoptamos medidas de seguridad adecuadas para detectar la existencia de virus y cualquier otro tipo de ataque. \u00a0Aun con ello, el Usuario debe ser consciente de que las medidas de seguridad de los sistemas inform\u00e1ticos en Internet no son enteramente fiables, por lo que en <em>winefluencer.es<\/em> tampoco puede garantizar el \u201criesgo cero\u201d, esto es, la completa inexistencia de virus u otros elementos que puedan producir alteraciones en los sistemas inform\u00e1ticos (software y hardware) del Usuario o en sus documentos electr\u00f3nicos y en los ficheros que contenga debido a malas pr\u00e1cticas de terceros.<\/p>\n<p>Sobre los enlaces externos (desde o hacia otros sitios)<\/p>\n<p>Los art\u00edculos y las p\u00e1ginas de la web <em>winefluencer.es<\/em> contienen enlaces que redirigir\u00e1n a otros sitios web propios, as\u00ed como a contenidos que son propiedad de terceros como otros contenidos, recursos, herramientas o enlaces de afiliados. El \u00fanico objeto de los enlaces no es otro que el de proporcionar al Usuario la posibilidad de acceder a esos sitios enlazados.<\/p>\n<p>Por esta raz\u00f3n, <em>winefluencer.es<\/em> no se responsabiliza en ning\u00fan caso de lo que pueda causar al dirigir al Usuario a trav\u00e9s de estos enlaces.<\/p>\n<p>Respecto a los enlaces entrantes desde otras webs, noticias o blogs relacionados, se aceptar\u00e1n siempre y cuando sea para aportar valor a otras p\u00e1ginas y sin perjudicar los intereses de WineFluencer.<\/p>\n<p>El hecho de que terceros enlacen a esta web no implica en ning\u00fan caso que existan relaciones entre\u00a0winefluencer.es y el propietario del dominio web en el que se a\u00f1ade el enlace, ni la aceptaci\u00f3n o aprobaci\u00f3n por parte de winefluencer.es de sus contenidos o servicios.<\/p>\n<p>Exclusi\u00f3n de garant\u00edas y responsabilidad<\/p>\n<p>WineFluencer no otorga ninguna garant\u00eda, como tampoco se hace responsable, en ning\u00fan caso, de los da\u00f1os y perjuicios de cualquier naturaleza que pudieran originarse debido a:<\/p>\n<ul>\n<li>La falta de disponibilidad, mantenimiento y efectivo funcionamiento de la web o de sus servicios y contenidos.<\/li>\n<li>La existencia de virus, malware, programas maliciosos o da\u00f1inos en los contenidos.<\/li>\n<li>El uso il\u00edcito, negligente, fraudulento o contrario a este Aviso Legal.<\/li>\n<li>De los da\u00f1os que pudieran provenir del uso ilegal o indebido de esta web.<\/li>\n<\/ul>\n<p>Legislaci\u00f3n y jurisdicci\u00f3n aplicable.<\/p>\n<p>Con car\u00e1cter general, las relaciones entre <em>winefluencer.es<\/em> y los Usuarios, respecto al uso de la web, se encuentran sometidas a la legislaci\u00f3n y jurisdicci\u00f3n espa\u00f1olas vigentes.<\/p>\n<p>Contacto<\/p>\n<p>En caso de que el Usuario tuviere alguna duda sobre la Condiciones legales o desea hacer cualquier comentario acerca de <em>winefluencer.es<\/em>, puedes escribir a\u00a0<a href=\"mailto:wienfluencer@gmail.com\">winefluencer@gmail.com<\/a>.<\/p>\n<\/div><\/section>\n\n<style type=\"text\/css\" data-created_by=\"avia_inline_auto\" id=\"style-css-av-38hht7-8ee80ff125f7473d6f63f679cbcf7e74\">\n#top .hr.hr-invisible.av-38hht7-8ee80ff125f7473d6f63f679cbcf7e74{\nheight:100px;\n}\n<\/style>\n<div  class='hr av-38hht7-8ee80ff125f7473d6f63f679cbcf7e74 hr-invisible  avia-builder-el-4  el_after_av_textblock  avia-builder-el-last '><span class='hr-inner '><span class=\"hr-inner-style\"><\/span><\/span><\/div>\n<\/div><\/div><\/div><!-- close content main div --><\/div><\/div><div id='after_section_2'  class='main_color av_default_container_wrap container_wrap sidebar_right'  ><div class='container av-section-cont-open' ><div class='template-page content  av-content-small alpha units'><div class='post-entry post-entry-type-page post-entry-5503'><div class='entry-content-wrapper clearfix'>\n","protected":false},"excerpt":{"rendered":"","protected":false},"author":1,"featured_media":0,"parent":0,"menu_order":0,"comment_status":"closed","ping_status":"closed","template":"","meta":{"_acf_changed":false,"footnotes":""},"class_list":["post-5503","page","type-page","status-publish","hentry"],"acf":[],"yoast_head":"<!-- This site is optimized with the Yoast SEO plugin v27.3 - https:\/\/yoast.com\/product\/yoast-seo-wordpress\/ -->\n<title>Aviso Legal | Winefluencer<\/title>\n<meta name=\"robots\" content=\"index, follow, max-snippet:-1, max-image-preview:large, max-video-preview:-1\" \/>\n<link rel=\"canonical\" href=\"https:\/\/winefluencer.es\/en\/aviso-legal\/\" \/>\n<meta property=\"og:locale\" content=\"en_US\" \/>\n<meta property=\"og:type\" content=\"article\" \/>\n<meta property=\"og:title\" content=\"Aviso Legal | Winefluencer\" \/>\n<meta property=\"og:url\" content=\"https:\/\/winefluencer.es\/en\/aviso-legal\/\" \/>\n<meta property=\"og:site_name\" content=\"Winefluencer\" \/>\n<meta property=\"og:image\" content=\"https:\/\/winefluencer.es\/wp-content\/uploads\/2023\/05\/enoturismo-winefluencer-cab3.jpg\" \/>\n\t<meta property=\"og:image:width\" content=\"1920\" \/>\n\t<meta property=\"og:image:height\" content=\"1064\" \/>\n\t<meta property=\"og:image:type\" content=\"image\/jpeg\" \/>\n<script type=\"application\/ld+json\" class=\"yoast-schema-graph\">{\"@context\":\"https:\\\/\\\/schema.org\",\"@graph\":[{\"@type\":\"WebPage\",\"@id\":\"https:\\\/\\\/winefluencer.es\\\/en\\\/aviso-legal\\\/\",\"url\":\"https:\\\/\\\/winefluencer.es\\\/en\\\/aviso-legal\\\/\",\"name\":\"Aviso Legal | Winefluencer\",\"isPartOf\":{\"@id\":\"https:\\\/\\\/winefluencer.es\\\/en\\\/#website\"},\"datePublished\":\"2023-05-30T08:18:13+00:00\",\"breadcrumb\":{\"@id\":\"https:\\\/\\\/winefluencer.es\\\/en\\\/aviso-legal\\\/#breadcrumb\"},\"inLanguage\":\"en-US\",\"potentialAction\":[{\"@type\":\"ReadAction\",\"target\":[\"https:\\\/\\\/winefluencer.es\\\/en\\\/aviso-legal\\\/\"]}]},{\"@type\":\"BreadcrumbList\",\"@id\":\"https:\\\/\\\/winefluencer.es\\\/en\\\/aviso-legal\\\/#breadcrumb\",\"itemListElement\":[{\"@type\":\"ListItem\",\"position\":1,\"name\":\"Portada\",\"item\":\"https:\\\/\\\/winefluencer.es\\\/en\\\/home\\\/\"},{\"@type\":\"ListItem\",\"position\":2,\"name\":\"Aviso Legal\"}]},{\"@type\":\"WebSite\",\"@id\":\"https:\\\/\\\/winefluencer.es\\\/en\\\/#website\",\"url\":\"https:\\\/\\\/winefluencer.es\\\/en\\\/\",\"name\":\"WineFluencer\",\"description\":\"My wines and me, me and my wines\",\"publisher\":{\"@id\":\"https:\\\/\\\/winefluencer.es\\\/en\\\/#organization\"},\"potentialAction\":[{\"@type\":\"SearchAction\",\"target\":{\"@type\":\"EntryPoint\",\"urlTemplate\":\"https:\\\/\\\/winefluencer.es\\\/en\\\/?s={search_term_string}\"},\"query-input\":{\"@type\":\"PropertyValueSpecification\",\"valueRequired\":true,\"valueName\":\"search_term_string\"}}],\"inLanguage\":\"en-US\"},{\"@type\":\"Organization\",\"@id\":\"https:\\\/\\\/winefluencer.es\\\/en\\\/#organization\",\"name\":\"WineFluencer\",\"url\":\"https:\\\/\\\/winefluencer.es\\\/en\\\/\",\"logo\":{\"@type\":\"ImageObject\",\"inLanguage\":\"en-US\",\"@id\":\"https:\\\/\\\/winefluencer.es\\\/en\\\/#\\\/schema\\\/logo\\\/image\\\/\",\"url\":\"https:\\\/\\\/winefluencer.es\\\/wp-content\\\/uploads\\\/2023\\\/05\\\/logo-winefluencer-v2.png\",\"contentUrl\":\"https:\\\/\\\/winefluencer.es\\\/wp-content\\\/uploads\\\/2023\\\/05\\\/logo-winefluencer-v2.png\",\"width\":149,\"height\":183,\"caption\":\"WineFluencer\"},\"image\":{\"@id\":\"https:\\\/\\\/winefluencer.es\\\/en\\\/#\\\/schema\\\/logo\\\/image\\\/\"},\"sameAs\":[\"https:\\\/\\\/www.instagram.com\\\/winefluencer\\\/\"]}]}<\/script>\n<!-- \/ Yoast SEO plugin. -->","yoast_head_json":{"title":"Aviso Legal | Winefluencer","robots":{"index":"index","follow":"follow","max-snippet":"max-snippet:-1","max-image-preview":"max-image-preview:large","max-video-preview":"max-video-preview:-1"},"canonical":"https:\/\/winefluencer.es\/en\/aviso-legal\/","og_locale":"en_US","og_type":"article","og_title":"Aviso Legal | Winefluencer","og_url":"https:\/\/winefluencer.es\/en\/aviso-legal\/","og_site_name":"Winefluencer","og_image":[{"width":1920,"height":1064,"url":"https:\/\/winefluencer.es\/wp-content\/uploads\/2023\/05\/enoturismo-winefluencer-cab3.jpg","type":"image\/jpeg"}],"schema":{"@context":"https:\/\/schema.org","@graph":[{"@type":"WebPage","@id":"https:\/\/winefluencer.es\/en\/aviso-legal\/","url":"https:\/\/winefluencer.es\/en\/aviso-legal\/","name":"Aviso Legal | Winefluencer","isPartOf":{"@id":"https:\/\/winefluencer.es\/en\/#website"},"datePublished":"2023-05-30T08:18:13+00:00","breadcrumb":{"@id":"https:\/\/winefluencer.es\/en\/aviso-legal\/#breadcrumb"},"inLanguage":"en-US","potentialAction":[{"@type":"ReadAction","target":["https:\/\/winefluencer.es\/en\/aviso-legal\/"]}]},{"@type":"BreadcrumbList","@id":"https:\/\/winefluencer.es\/en\/aviso-legal\/#breadcrumb","itemListElement":[{"@type":"ListItem","position":1,"name":"Portada","item":"https:\/\/winefluencer.es\/en\/home\/"},{"@type":"ListItem","position":2,"name":"Aviso Legal"}]},{"@type":"WebSite","@id":"https:\/\/winefluencer.es\/en\/#website","url":"https:\/\/winefluencer.es\/en\/","name":"WineFluencer","description":"My wines and me, me and my wines","publisher":{"@id":"https:\/\/winefluencer.es\/en\/#organization"},"potentialAction":[{"@type":"SearchAction","target":{"@type":"EntryPoint","urlTemplate":"https:\/\/winefluencer.es\/en\/?s={search_term_string}"},"query-input":{"@type":"PropertyValueSpecification","valueRequired":true,"valueName":"search_term_string"}}],"inLanguage":"en-US"},{"@type":"Organization","@id":"https:\/\/winefluencer.es\/en\/#organization","name":"WineFluencer","url":"https:\/\/winefluencer.es\/en\/","logo":{"@type":"ImageObject","inLanguage":"en-US","@id":"https:\/\/winefluencer.es\/en\/#\/schema\/logo\/image\/","url":"https:\/\/winefluencer.es\/wp-content\/uploads\/2023\/05\/logo-winefluencer-v2.png","contentUrl":"https:\/\/winefluencer.es\/wp-content\/uploads\/2023\/05\/logo-winefluencer-v2.png","width":149,"height":183,"caption":"WineFluencer"},"image":{"@id":"https:\/\/winefluencer.es\/en\/#\/schema\/logo\/image\/"},"sameAs":["https:\/\/www.instagram.com\/winefluencer\/"]}]}},"_links":{"self":[{"href":"https:\/\/winefluencer.es\/en\/wp-json\/wp\/v2\/pages\/5503","targetHints":{"allow":["GET"]}}],"collection":[{"href":"https:\/\/winefluencer.es\/en\/wp-json\/wp\/v2\/pages"}],"about":[{"href":"https:\/\/winefluencer.es\/en\/wp-json\/wp\/v2\/types\/page"}],"author":[{"embeddable":true,"href":"https:\/\/winefluencer.es\/en\/wp-json\/wp\/v2\/users\/1"}],"replies":[{"embeddable":true,"href":"https:\/\/winefluencer.es\/en\/wp-json\/wp\/v2\/comments?post=5503"}],"version-history":[{"count":1,"href":"https:\/\/winefluencer.es\/en\/wp-json\/wp\/v2\/pages\/5503\/revisions"}],"predecessor-version":[{"id":5505,"href":"https:\/\/winefluencer.es\/en\/wp-json\/wp\/v2\/pages\/5503\/revisions\/5505"}],"wp:attachment":[{"href":"https:\/\/winefluencer.es\/en\/wp-json\/wp\/v2\/media?parent=5503"}],"curies":[{"name":"wp","href":"https:\/\/api.w.org\/{rel}","templated":true}]}}